{"id":36,"date":"2023-02-10T20:26:32","date_gmt":"2023-02-10T17:26:32","guid":{"rendered":"http:\/\/emstrong.com.tr\/?p=36"},"modified":"2023-08-03T23:06:13","modified_gmt":"2023-08-03T20:06:13","slug":"ems-emstrong-pro4","status":"publish","type":"product","link":"http:\/\/emstrong.com.tr\/index.php\/urun\/ems-emstrong-pro4","title":{"rendered":"Emstorng Pro4"},"content":{"rendered":"<p>whatsapp : 0535 649 29 03 nolu telefondan bizimle ileti\u015fime ge\u00e7ebilirsiniz.<\/p>\n<p>&nbsp;<\/p>\n<p><strong>EMStrong<\/strong> Pro4 Yeni Nesil Ems \u2013 Elektromanyetik \u015eekillendirici, Popo Kald\u0131rma Makinesi, EMS Kas Stim\u00fclat\u00f6r\u00fc, V\u00fccut \u015eekillendirme Masaj\u0131, Kilo Verme Ekipman\u0131<\/p>\n<p>Whatsapp : <strong>0535 649 29 03<\/strong> \u2013 diyetisyenstore@gmail.com<\/p>\n<p>&nbsp;<\/p>\n<p>&nbsp;<\/p>\n<table class=\"woocommerce-product-attributes shop_attributes\">\n<tbody>\n<tr class=\"woocommerce-product-attributes-item woocommerce-product-attributes-item--attribute_max-agnetic-i%cc%87ntensity\">\n<th class=\"woocommerce-product-attributes-item__label\">Max. Magnetik Yo\u011funluk<\/th>\n<td class=\"woocommerce-product-attributes-item__value\">12<br \/>\nTesla<\/td>\n<\/tr>\n<tr class=\"woocommerce-product-attributes-item woocommerce-product-attributes-item--attribute_output-power\">\n<th class=\"woocommerce-product-attributes-item__label\">\u00c7\u0131k\u0131\u015f g\u00fcc\u00fc<\/th>\n<td class=\"woocommerce-product-attributes-item__value\">6000 W<\/td>\n<\/tr>\n<tr class=\"woocommerce-product-attributes-item woocommerce-product-attributes-item--attribute_pulse-duration\">\n<th class=\"woocommerce-product-attributes-item__label\">Darbe S\u00fcresi<\/th>\n<td class=\"woocommerce-product-attributes-item__value\">400 us<\/td>\n<\/tr>\n<tr class=\"woocommerce-product-attributes-item woocommerce-product-attributes-item--attribute_output-frenquency\">\n<th class=\"woocommerce-product-attributes-item__label\">\u00c7\u0131k\u0131\u015f Frekans\u0131<\/th>\n<td class=\"woocommerce-product-attributes-item__value\">1-150 Hz<\/td>\n<\/tr>\n<tr class=\"woocommerce-product-attributes-item woocommerce-product-attributes-item--attribute_cooling-system\">\n<th class=\"woocommerce-product-attributes-item__label\">So\u011futma sistemi<\/th>\n<td class=\"woocommerce-product-attributes-item__value\">Hava ile So\u011futma<\/td>\n<\/tr>\n<tr class=\"woocommerce-product-attributes-item woocommerce-product-attributes-item--attribute_handles\">\n<th class=\"woocommerce-product-attributes-item__label\">Kulp\/ Prob<\/th>\n<td class=\"woocommerce-product-attributes-item__value\">4 Problu<\/td>\n<\/tr>\n<\/tbody>\n<\/table>\n<p>&nbsp;<\/p>\n<table class=\"woocommerce-product-attributes shop_attributes\">\n<tbody>\n<tr class=\"woocommerce-product-attributes-item woocommerce-product-attributes-item--attribute_max-agnetic-i%cc%87ntensity\">\n<th class=\"woocommerce-product-attributes-item__label\">Teknik Parametreler:<\/th>\n<td class=\"woocommerce-product-attributes-item__value\"><\/td>\n<\/tr>\n<tr class=\"woocommerce-product-attributes-item woocommerce-product-attributes-item--attribute_output-power\">\n<th class=\"woocommerce-product-attributes-item__label\">T\u00fcr\u00fc<\/th>\n<td class=\"woocommerce-product-attributes-item__value\">Y\u00fcksek Yo\u011funluklu Odaklanm\u0131\u015f Elektromanyetik<\/td>\n<\/tr>\n<tr class=\"woocommerce-product-attributes-item woocommerce-product-attributes-item--attribute_pulse-duration\">\n<th class=\"woocommerce-product-attributes-item__label\">Maksimum S\u00fcre<\/th>\n<td class=\"woocommerce-product-attributes-item__value\">60 dakika<\/td>\n<\/tr>\n<tr class=\"woocommerce-product-attributes-item woocommerce-product-attributes-item--attribute_output-frenquency\">\n<th class=\"woocommerce-product-attributes-item__label\">\u00c7al\u0131\u015fma De\u011feri<\/th>\n<td class=\"woocommerce-product-attributes-item__value\">AC 110\/220 V \u00b1 10%, 50\/60 Hz<\/td>\n<\/tr>\n<tr class=\"woocommerce-product-attributes-item woocommerce-product-attributes-item--attribute_cooling-system\">\n<th class=\"woocommerce-product-attributes-item__label\">So\u011futma sistemi<\/th>\n<td class=\"woocommerce-product-attributes-item__value\">Hava ile So\u011futma<\/td>\n<\/tr>\n<tr class=\"woocommerce-product-attributes-item woocommerce-product-attributes-item--attribute_handles\">\n<th class=\"woocommerce-product-attributes-item__label\">\u00d6l\u00e7\u00fcleri<\/th>\n<td class=\"woocommerce-product-attributes-item__value\">59*66*148 cm<\/td>\n<\/tr>\n<\/tbody>\n<\/table>\n<p>&nbsp;<\/p>\n<table class=\"woocommerce-product-attributes shop_attributes\">\n<tbody>\n<tr class=\"woocommerce-product-attributes-item woocommerce-product-attributes-item--attribute_max-agnetic-i%cc%87ntensity\">\n<th class=\"woocommerce-product-attributes-item__label\">Uygulama Sonu\u00e7lar\u0131<\/th>\n<td class=\"woocommerce-product-attributes-item__value\"><\/td>\n<\/tr>\n<tr class=\"woocommerce-product-attributes-item woocommerce-product-attributes-item--attribute_output-power\">\n<th class=\"woocommerce-product-attributes-item__label\">Uygulama S\u00fcresi<br \/>\nNedir?<\/th>\n<td class=\"woocommerce-product-attributes-item__value\">30-60 dakika \/ g\u00fcn<br \/>\n2-3 g\u00fcn ara ile en az 4 seans.<\/td>\n<\/tr>\n<tr class=\"woocommerce-product-attributes-item woocommerce-product-attributes-item--attribute_pulse-duration\">\n<th class=\"woocommerce-product-attributes-item__label\">Nas\u0131l Hissettiriyor ?<\/th>\n<td class=\"woocommerce-product-attributes-item__value\">EMSTRONG uygulamalar\u0131 yo\u011fun bir antrenman gibi hissettirse de uygulama s\u0131ras\u0131nda uzanabilir ve rahatlayabilirsiniz.<\/td>\n<\/tr>\n<tr class=\"woocommerce-product-attributes-item woocommerce-product-attributes-item--attribute_output-frenquency\">\n<th class=\"woocommerce-product-attributes-item__label\">Uygulama \u00f6ncesi\/sonras\u0131<br \/>\nherhangi bir yan etkisi var m\u0131?<\/th>\n<td class=\"woocommerce-product-attributes-item__value\">EMSTRONG v\u00fccuda zarar vermez, iyile\u015fme s\u00fcresi veya herhangi bir uygulama \u00f6ncesi\/sonras\u0131 haz\u0131rl\u0131k gerektirmez.<\/td>\n<\/tr>\n<tr class=\"woocommerce-product-attributes-item woocommerce-product-attributes-item--attribute_cooling-system\">\n<th class=\"woocommerce-product-attributes-item__label\">Sonu\u00e7lar\u0131 Ne Kadar<br \/>\nH\u0131zl\u0131 G\u00f6rebilirim?<\/th>\n<td class=\"woocommerce-product-attributes-item__value\">Tedaviden hemen sonra arzulad\u0131\u011f\u0131n\u0131z sonu\u00e7lar\u0131 hissetmeye ba\u015flars\u0131n\u0131z.<br \/>\nOlumlu sonu\u00e7lar genellikle 2-4 hafta sonra g\u00f6r\u00fclmektedir.<\/td>\n<\/tr>\n<tr class=\"woocommerce-product-attributes-item woocommerce-product-attributes-item--attribute_handles\">\n<th class=\"woocommerce-product-attributes-item__label\">Profesyonel Kullan\u0131m E\u011fitimi<\/th>\n<td class=\"woocommerce-product-attributes-item__value\">Cihaz kullan\u0131m\u0131 ile ilgili gerekli t\u00fcm e\u011fitimler verilmektedir.<\/td>\n<\/tr>\n<\/tbody>\n<\/table>\n<p>&nbsp;<\/p>\n<table class=\"woocommerce-product-attributes shop_attributes\">\n<tbody>\n<tr class=\"woocommerce-product-attributes-item woocommerce-product-attributes-item--attribute_max-agnetic-i%cc%87ntensity\">\n<th class=\"woocommerce-product-attributes-item__label\">\u0130leti\u015fim Bilgileri<\/th>\n<td class=\"woocommerce-product-attributes-item__value\">Fiyat \u0130stemek i\u00e7in\u00a0<a href=\"https:\/\/api.whatsapp.com\/send?phone=905356492903\" target=\"_blank\" rel=\"noopener\">TIKLAYINIZ<\/a><\/td>\n<\/tr>\n<tr class=\"woocommerce-product-attributes-item woocommerce-product-attributes-item--attribute_output-power\">\n<th class=\"woocommerce-product-attributes-item__label\">whatsapp<\/th>\n<td class=\"woocommerce-product-attributes-item__value\"><strong><a href=\"https:\/\/api.whatsapp.com\/send?phone=905356492903\" target=\"_blank\" rel=\"noopener\">0535 649 29 03<\/a><\/strong><\/td>\n<\/tr>\n<tr class=\"woocommerce-product-attributes-item woocommerce-product-attributes-item--attribute_pulse-duration\">\n<th class=\"woocommerce-product-attributes-item__label\">E-Posta<\/th>\n<td class=\"woocommerce-product-attributes-item__value\">diyetisyenstore@gmail.com<\/td>\n<\/tr>\n<tr class=\"woocommerce-product-attributes-item woocommerce-product-attributes-item--attribute_output-frenquency\">\n<th class=\"woocommerce-product-attributes-item__label\">instagram<\/th>\n<td class=\"woocommerce-product-attributes-item__value\"><strong>\u00a0<a href=\"https:\/\/instagram.com\/diyetisyenstore.com1\" target=\"_blank\" rel=\"noopener\">@diyetisyenstore.com1\u00a0<\/a><\/strong><\/td>\n<\/tr>\n<tr class=\"woocommerce-product-attributes-item woocommerce-product-attributes-item--attribute_cooling-system\">\n<th class=\"woocommerce-product-attributes-item__label\">web<\/th>\n<td class=\"woocommerce-product-attributes-item__value\"><a href=\"http:\/\/www.diyetisyenstore.com\/\" target=\"_blank\" rel=\"noopener\">www.diyetisyenstore.com<\/a><\/td>\n<\/tr>\n<tr class=\"woocommerce-product-attributes-item woocommerce-product-attributes-item--attribute_handles\">\n<th class=\"woocommerce-product-attributes-item__label\"><\/th>\n<td class=\"woocommerce-product-attributes-item__value\"><\/td>\n<\/tr>\n<\/tbody>\n<\/table>\n<p><iframe loading=\"lazy\" title=\"YouTube video player\" src=\"https:\/\/www.youtube.com\/embed\/vHtBgz6H1h8\" width=\"560\" height=\"315\" frameborder=\"0\" allowfullscreen=\"allowfullscreen\"><\/iframe><\/p>\n","protected":false},"excerpt":{"rendered":"<p>Teknik \u00d6Zellikleri:<\/p>\n<table>\n<tbody>\n<tr>\n<td width=\"260\"><strong>Max. Magnetik Yo\u011funluk<\/strong><\/td>\n<td width=\"236\">12\u00a0Tesla<\/td>\n<\/tr>\n<tr>\n<td width=\"260\"><strong>\u00c7\u0131k\u0131\u015f g\u00fcc\u00fc<\/strong><\/td>\n<td width=\"236\">6000 W<\/td>\n<\/tr>\n<tr>\n<td width=\"260\"><strong>Darbe S\u00fcresi<\/strong><\/td>\n<td width=\"236\">400 us<\/td>\n<\/tr>\n<tr>\n<td width=\"260\"><strong>\u00c7\u0131k\u0131\u015f Frekans\u0131<\/strong><\/td>\n<td width=\"236\">1-150 Hz<\/td>\n<\/tr>\n<tr>\n<td width=\"260\"><strong>So\u011futma sistemi<\/strong><\/td>\n<td width=\"236\">Hava ile So\u011futma<\/td>\n<\/tr>\n<tr>\n<td width=\"260\"><strong>Kulp\/ Prob<\/strong><\/td>\n<td width=\"236\">4 Problu<\/td>\n<\/tr>\n<\/tbody>\n<\/table>\n","protected":false},"featured_media":186,"comment_status":"closed","ping_status":"closed","template":"","meta":[],"product_cat":[34,24],"product_tag":[40],"class_list":["post-36","product","type-product","status-publish","has-post-thumbnail","hentry","product_cat-emstrong","product_cat-emstrong-pro4","product_tag-emstrong-pro4"],"yoast_head":"<!-- This site is optimized with the Yoast SEO plugin v21.3 - https:\/\/yoast.com\/wordpress\/plugins\/seo\/ -->\n<title>Emstorng Pro4 - Emstrong<\/title>\n<meta name=\"robots\" content=\"index, follow, max-snippet:-1, max-image-preview:large, max-video-preview:-1\" \/>\n<link rel=\"canonical\" href=\"https:\/\/emstrong.com.tr\/index.php\/urun\/ems-emstrong-pro4\" \/>\n<meta property=\"og:locale\" content=\"tr_TR\" \/>\n<meta property=\"og:type\" content=\"article\" \/>\n<meta property=\"og:title\" content=\"Emstorng Pro4 - Emstrong\" \/>\n<meta property=\"og:description\" content=\"Teknik \u00d6Zellikleri:    Max. Magnetik Yo\u011funluk 12\u00a0Tesla   \u00c7\u0131k\u0131\u015f g\u00fcc\u00fc 6000 W   Darbe S\u00fcresi 400 us   \u00c7\u0131k\u0131\u015f Frekans\u0131 1-150 Hz   So\u011futma sistemi Hava ile So\u011futma   Kulp\/ Prob 4 Problu\" \/>\n<meta property=\"og:url\" content=\"https:\/\/emstrong.com.tr\/index.php\/urun\/ems-emstrong-pro4\" \/>\n<meta property=\"og:site_name\" content=\"Emstrong\" \/>\n<meta property=\"article:publisher\" content=\"https:\/\/www.instagram.com\/emstrongtr\/\" \/>\n<meta property=\"article:modified_time\" content=\"2023-08-03T20:06:13+00:00\" \/>\n<meta property=\"og:image\" content=\"https:\/\/emstrong.com.tr\/wp-content\/uploads\/2023\/02\/emstrong-pro4-1202.jpg\" \/>\n\t<meta property=\"og:image:width\" content=\"1200\" \/>\n\t<meta property=\"og:image:height\" content=\"1200\" \/>\n\t<meta property=\"og:image:type\" content=\"image\/jpeg\" \/>\n<meta name=\"twitter:card\" content=\"summary_large_image\" \/>\n<meta name=\"twitter:site\" content=\"@gencdiyetisyen\" \/>\n<meta name=\"twitter:label1\" content=\"Tahmini okuma s\u00fcresi\" \/>\n\t<meta name=\"twitter:data1\" content=\"2 dakika\" \/>\n<script type=\"application\/ld+json\" class=\"yoast-schema-graph\">{\"@context\":\"https:\/\/schema.org\",\"@graph\":[{\"@type\":\"WebPage\",\"@id\":\"https:\/\/emstrong.com.tr\/index.php\/urun\/ems-emstrong-pro4\",\"url\":\"https:\/\/emstrong.com.tr\/index.php\/urun\/ems-emstrong-pro4\",\"name\":\"Emstorng Pro4 - Emstrong\",\"isPartOf\":{\"@id\":\"https:\/\/emstrong.com.tr\/#website\"},\"datePublished\":\"2023-02-10T17:26:32+00:00\",\"dateModified\":\"2023-08-03T20:06:13+00:00\",\"breadcrumb\":{\"@id\":\"https:\/\/emstrong.com.tr\/index.php\/urun\/ems-emstrong-pro4#breadcrumb\"},\"inLanguage\":\"tr\",\"potentialAction\":[{\"@type\":\"ReadAction\",\"target\":[\"https:\/\/emstrong.com.tr\/index.php\/urun\/ems-emstrong-pro4\"]}]},{\"@type\":\"BreadcrumbList\",\"@id\":\"https:\/\/emstrong.com.tr\/index.php\/urun\/ems-emstrong-pro4#breadcrumb\",\"itemListElement\":[{\"@type\":\"ListItem\",\"position\":1,\"name\":\"Anasayfa\",\"item\":\"https:\/\/emstrong.com.tr\/\"},{\"@type\":\"ListItem\",\"position\":2,\"name\":\"Ma\u011faza\",\"item\":\"https:\/\/emstrong.com.tr\/index.php\/magaza\"},{\"@type\":\"ListItem\",\"position\":3,\"name\":\"Emstorng Pro4\"}]},{\"@type\":\"WebSite\",\"@id\":\"https:\/\/emstrong.com.tr\/#website\",\"url\":\"https:\/\/emstrong.com.tr\/\",\"name\":\"Emstrong\",\"description\":\"G\u00fc\u00e7 Seninle Olsun\",\"publisher\":{\"@id\":\"https:\/\/emstrong.com.tr\/#organization\"},\"alternateName\":\"EmStrong Pro4\",\"potentialAction\":[{\"@type\":\"SearchAction\",\"target\":{\"@type\":\"EntryPoint\",\"urlTemplate\":\"https:\/\/emstrong.com.tr\/?s={search_term_string}\"},\"query-input\":\"required name=search_term_string\"}],\"inLanguage\":\"tr\"},{\"@type\":\"Organization\",\"@id\":\"https:\/\/emstrong.com.tr\/#organization\",\"name\":\"Emstrong\",\"alternateName\":\"Diyetisyenstore D\u0131\u015f Tic. Ltd. \u015eti.\",\"url\":\"https:\/\/emstrong.com.tr\/\",\"logo\":{\"@type\":\"ImageObject\",\"inLanguage\":\"tr\",\"@id\":\"https:\/\/emstrong.com.tr\/#\/schema\/logo\/image\/\",\"url\":\"https:\/\/emstrong.com.tr\/wp-content\/uploads\/2023\/02\/logo-emstrong-2023.png\",\"contentUrl\":\"https:\/\/emstrong.com.tr\/wp-content\/uploads\/2023\/02\/logo-emstrong-2023.png\",\"width\":3300,\"height\":771,\"caption\":\"Emstrong\"},\"image\":{\"@id\":\"https:\/\/emstrong.com.tr\/#\/schema\/logo\/image\/\"},\"sameAs\":[\"https:\/\/www.instagram.com\/emstrongtr\/\",\"https:\/\/twitter.com\/gencdiyetisyen\",\"https:\/\/www.instagram.com\/diyetisyenstore.com1\",\"https:\/\/www.facebook.com\/diyetisyenstore\",\"https:\/\/www.instagram.com\/emstrong.com.tr\/\"]}]}<\/script>\n<!-- \/ Yoast SEO plugin. -->","yoast_head_json":{"title":"Emstorng Pro4 - Emstrong","robots":{"index":"index","follow":"follow","max-snippet":"max-snippet:-1","max-image-preview":"max-image-preview:large","max-video-preview":"max-video-preview:-1"},"canonical":"https:\/\/emstrong.com.tr\/index.php\/urun\/ems-emstrong-pro4","og_locale":"tr_TR","og_type":"article","og_title":"Emstorng Pro4 - Emstrong","og_description":"Teknik \u00d6Zellikleri:    Max. Magnetik Yo\u011funluk 12\u00a0Tesla   \u00c7\u0131k\u0131\u015f g\u00fcc\u00fc 6000 W   Darbe S\u00fcresi 400 us   \u00c7\u0131k\u0131\u015f Frekans\u0131 1-150 Hz   So\u011futma sistemi Hava ile So\u011futma   Kulp\/ Prob 4 Problu","og_url":"https:\/\/emstrong.com.tr\/index.php\/urun\/ems-emstrong-pro4","og_site_name":"Emstrong","article_publisher":"https:\/\/www.instagram.com\/emstrongtr\/","article_modified_time":"2023-08-03T20:06:13+00:00","og_image":[{"width":1200,"height":1200,"url":"https:\/\/emstrong.com.tr\/wp-content\/uploads\/2023\/02\/emstrong-pro4-1202.jpg","type":"image\/jpeg"}],"twitter_card":"summary_large_image","twitter_site":"@gencdiyetisyen","twitter_misc":{"Tahmini okuma s\u00fcresi":"2 dakika"},"schema":{"@context":"https:\/\/schema.org","@graph":[{"@type":"WebPage","@id":"https:\/\/emstrong.com.tr\/index.php\/urun\/ems-emstrong-pro4","url":"https:\/\/emstrong.com.tr\/index.php\/urun\/ems-emstrong-pro4","name":"Emstorng Pro4 - Emstrong","isPartOf":{"@id":"https:\/\/emstrong.com.tr\/#website"},"datePublished":"2023-02-10T17:26:32+00:00","dateModified":"2023-08-03T20:06:13+00:00","breadcrumb":{"@id":"https:\/\/emstrong.com.tr\/index.php\/urun\/ems-emstrong-pro4#breadcrumb"},"inLanguage":"tr","potentialAction":[{"@type":"ReadAction","target":["https:\/\/emstrong.com.tr\/index.php\/urun\/ems-emstrong-pro4"]}]},{"@type":"BreadcrumbList","@id":"https:\/\/emstrong.com.tr\/index.php\/urun\/ems-emstrong-pro4#breadcrumb","itemListElement":[{"@type":"ListItem","position":1,"name":"Anasayfa","item":"https:\/\/emstrong.com.tr\/"},{"@type":"ListItem","position":2,"name":"Ma\u011faza","item":"https:\/\/emstrong.com.tr\/index.php\/magaza"},{"@type":"ListItem","position":3,"name":"Emstorng Pro4"}]},{"@type":"WebSite","@id":"https:\/\/emstrong.com.tr\/#website","url":"https:\/\/emstrong.com.tr\/","name":"Emstrong","description":"G\u00fc\u00e7 Seninle Olsun","publisher":{"@id":"https:\/\/emstrong.com.tr\/#organization"},"alternateName":"EmStrong Pro4","potentialAction":[{"@type":"SearchAction","target":{"@type":"EntryPoint","urlTemplate":"https:\/\/emstrong.com.tr\/?s={search_term_string}"},"query-input":"required name=search_term_string"}],"inLanguage":"tr"},{"@type":"Organization","@id":"https:\/\/emstrong.com.tr\/#organization","name":"Emstrong","alternateName":"Diyetisyenstore D\u0131\u015f Tic. Ltd. \u015eti.","url":"https:\/\/emstrong.com.tr\/","logo":{"@type":"ImageObject","inLanguage":"tr","@id":"https:\/\/emstrong.com.tr\/#\/schema\/logo\/image\/","url":"https:\/\/emstrong.com.tr\/wp-content\/uploads\/2023\/02\/logo-emstrong-2023.png","contentUrl":"https:\/\/emstrong.com.tr\/wp-content\/uploads\/2023\/02\/logo-emstrong-2023.png","width":3300,"height":771,"caption":"Emstrong"},"image":{"@id":"https:\/\/emstrong.com.tr\/#\/schema\/logo\/image\/"},"sameAs":["https:\/\/www.instagram.com\/emstrongtr\/","https:\/\/twitter.com\/gencdiyetisyen","https:\/\/www.instagram.com\/diyetisyenstore.com1","https:\/\/www.facebook.com\/diyetisyenstore","https:\/\/www.instagram.com\/emstrong.com.tr\/"]}]}},"_links":{"self":[{"href":"http:\/\/emstrong.com.tr\/index.php\/wp-json\/wp\/v2\/product\/36","targetHints":{"allow":["GET"]}}],"collection":[{"href":"http:\/\/emstrong.com.tr\/index.php\/wp-json\/wp\/v2\/product"}],"about":[{"href":"http:\/\/emstrong.com.tr\/index.php\/wp-json\/wp\/v2\/types\/product"}],"replies":[{"embeddable":true,"href":"http:\/\/emstrong.com.tr\/index.php\/wp-json\/wp\/v2\/comments?post=36"}],"wp:featuredmedia":[{"embeddable":true,"href":"http:\/\/emstrong.com.tr\/index.php\/wp-json\/wp\/v2\/media\/186"}],"wp:attachment":[{"href":"http:\/\/emstrong.com.tr\/index.php\/wp-json\/wp\/v2\/media?parent=36"}],"wp:term":[{"taxonomy":"product_cat","embeddable":true,"href":"http:\/\/emstrong.com.tr\/index.php\/wp-json\/wp\/v2\/product_cat?post=36"},{"taxonomy":"product_tag","embeddable":true,"href":"http:\/\/emstrong.com.tr\/index.php\/wp-json\/wp\/v2\/product_tag?post=36"}],"curies":[{"name":"wp","href":"https:\/\/api.w.org\/{rel}","templated":true}]}}