{"id":60,"date":"2023-02-11T00:00:01","date_gmt":"2023-02-10T21:00:01","guid":{"rendered":"http:\/\/emstrong.com.tr\/?page_id=60"},"modified":"2023-07-30T12:33:28","modified_gmt":"2023-07-30T09:33:28","slug":"iletisim","status":"publish","type":"page","link":"http:\/\/emstrong.com.tr\/index.php\/iletisim","title":{"rendered":"ileti\u015fim"},"content":{"rendered":"\n<hr class=\"wp-block-separator has-alpha-channel-opacity\"\/>\n\n\n\n<div class=\"wp-block-columns is-layout-flex wp-container-core-columns-is-layout-9d6595d7 wp-block-columns-is-layout-flex\">\n<div class=\"wp-block-column is-layout-flow wp-block-column-is-layout-flow\" style=\"flex-basis:33.33%\">\n<div class=\"wp-block-media-text alignwide is-stacked-on-mobile\"><figure class=\"wp-block-media-text__media\"><a href=\"https:\/\/api.whatsapp.com\/send?phone=905356492903\" target=\"_blank\" rel=\"noreferrer noopener\"><img loading=\"lazy\" decoding=\"async\" width=\"1024\" height=\"261\" src=\"http:\/\/emstrong.com.tr\/wp-content\/uploads\/2023\/02\/WhatsApp-destek-1024x261.jpg\" alt=\"\" class=\"wp-image-156 size-full\" srcset=\"http:\/\/emstrong.com.tr\/wp-content\/uploads\/2023\/02\/WhatsApp-destek-1024x261.jpg 1024w, http:\/\/emstrong.com.tr\/wp-content\/uploads\/2023\/02\/WhatsApp-destek-300x76.jpg 300w, http:\/\/emstrong.com.tr\/wp-content\/uploads\/2023\/02\/WhatsApp-destek-768x196.jpg 768w, http:\/\/emstrong.com.tr\/wp-content\/uploads\/2023\/02\/WhatsApp-destek-600x153.jpg 600w, http:\/\/emstrong.com.tr\/wp-content\/uploads\/2023\/02\/WhatsApp-destek.jpg 1304w\" sizes=\"auto, (max-width: 1024px) 100vw, 1024px\" \/><\/a><\/figure><div class=\"wp-block-media-text__content\">\n<p><a href=\"https:\/\/api.whatsapp.com\/send?phone=905356492903\" target=\"_blank\" rel=\"noreferrer noopener\">0535 649 29 03<\/a><\/p>\n<\/div><\/div>\n<\/div>\n\n\n\n<div class=\"wp-block-column is-layout-flow wp-block-column-is-layout-flow\" style=\"flex-basis:66.66%\">\n<p>DiyetisyenStore D\u0131\u015f Ticaret Limited \u015eirketi<\/p>\n\n\n\n<p>E-Posta : diyetisyenstore@gmail.com<\/p>\n\n\n\n<p>Ofis Adresi : Kaz\u0131m Karabekir Mah. S\u00fcrmene Sok. A Blok Sit. 10\/9 Melikgazi &#8211; Kayseri <\/p>\n<\/div>\n<\/div>\n\n\n\n<hr class=\"wp-block-separator has-alpha-channel-opacity\"\/>\n\n\n\n<pre class=\"wp-block-code\"><code><iframe loading=\"lazy\" src=\"https:\/\/www.google.com\/maps\/d\/embed?mid=1AbDcGsLSahqPsS1gMmHV-C718fMzaGA&amp;hl=tr&amp;ehbc=2E312F\" width=\"960\" height=\"720\"><\/iframe><\/code><\/pre>\n\n\n\n<hr class=\"wp-block-separator has-alpha-channel-opacity\"\/>\n","protected":false},"excerpt":{"rendered":"<p>0535 649 29 03 DiyetisyenStore D\u0131\u015f Ticaret Limited \u015eirketi E-Posta : diyetisyenstore@gmail.com Ofis Adresi : Kaz\u0131m Karabekir Mah. S\u00fcrmene Sok. A Blok Sit. 10\/9 Melikgazi &#8211; Kayseri<\/p>\n","protected":false},"author":1,"featured_media":0,"parent":0,"menu_order":0,"comment_status":"closed","ping_status":"closed","template":"","meta":{"footnotes":""},"class_list":["post-60","page","type-page","status-publish","hentry"],"yoast_head":"<!-- This site is optimized with the Yoast SEO plugin v21.3 - https:\/\/yoast.com\/wordpress\/plugins\/seo\/ -->\n<title>ileti\u015fim - Emstrong<\/title>\n<meta name=\"robots\" content=\"index, follow, max-snippet:-1, max-image-preview:large, max-video-preview:-1\" \/>\n<link rel=\"canonical\" href=\"http:\/\/emstrong.com.tr\/index.php\/iletisim\" \/>\n<meta property=\"og:locale\" content=\"tr_TR\" \/>\n<meta property=\"og:type\" content=\"article\" \/>\n<meta property=\"og:title\" content=\"ileti\u015fim - Emstrong\" \/>\n<meta property=\"og:description\" content=\"0535 649 29 03 DiyetisyenStore D\u0131\u015f Ticaret Limited \u015eirketi E-Posta : diyetisyenstore@gmail.com Ofis Adresi : Kaz\u0131m Karabekir Mah. S\u00fcrmene Sok. A Blok Sit. 10\/9 Melikgazi &#8211; Kayseri\" \/>\n<meta property=\"og:url\" content=\"http:\/\/emstrong.com.tr\/index.php\/iletisim\" \/>\n<meta property=\"og:site_name\" content=\"Emstrong\" \/>\n<meta property=\"article:publisher\" content=\"https:\/\/www.instagram.com\/emstrongtr\/\" \/>\n<meta property=\"article:modified_time\" content=\"2023-07-30T09:33:28+00:00\" \/>\n<meta property=\"og:image\" content=\"http:\/\/emstrong.com.tr\/wp-content\/uploads\/2023\/02\/WhatsApp-destek-1024x261.jpg\" \/>\n<meta name=\"twitter:card\" content=\"summary_large_image\" \/>\n<meta name=\"twitter:site\" content=\"@gencdiyetisyen\" \/>\n<meta name=\"twitter:label1\" content=\"Tahmini okuma s\u00fcresi\" \/>\n\t<meta name=\"twitter:data1\" content=\"1 dakika\" \/>\n<script type=\"application\/ld+json\" class=\"yoast-schema-graph\">{\"@context\":\"https:\/\/schema.org\",\"@graph\":[{\"@type\":\"WebPage\",\"@id\":\"http:\/\/emstrong.com.tr\/index.php\/iletisim\",\"url\":\"http:\/\/emstrong.com.tr\/index.php\/iletisim\",\"name\":\"ileti\u015fim - Emstrong\",\"isPartOf\":{\"@id\":\"http:\/\/emstrong.com.tr\/#website\"},\"datePublished\":\"2023-02-10T21:00:01+00:00\",\"dateModified\":\"2023-07-30T09:33:28+00:00\",\"breadcrumb\":{\"@id\":\"http:\/\/emstrong.com.tr\/index.php\/iletisim#breadcrumb\"},\"inLanguage\":\"tr\",\"potentialAction\":[{\"@type\":\"ReadAction\",\"target\":[\"http:\/\/emstrong.com.tr\/index.php\/iletisim\"]}]},{\"@type\":\"BreadcrumbList\",\"@id\":\"http:\/\/emstrong.com.tr\/index.php\/iletisim#breadcrumb\",\"itemListElement\":[{\"@type\":\"ListItem\",\"position\":1,\"name\":\"Anasayfa\",\"item\":\"http:\/\/emstrong.com.tr\/\"},{\"@type\":\"ListItem\",\"position\":2,\"name\":\"ileti\u015fim\"}]},{\"@type\":\"WebSite\",\"@id\":\"http:\/\/emstrong.com.tr\/#website\",\"url\":\"http:\/\/emstrong.com.tr\/\",\"name\":\"Emstrong\",\"description\":\"G\u00fc\u00e7 Seninle Olsun\",\"publisher\":{\"@id\":\"http:\/\/emstrong.com.tr\/#organization\"},\"alternateName\":\"EmStrong Pro4\",\"potentialAction\":[{\"@type\":\"SearchAction\",\"target\":{\"@type\":\"EntryPoint\",\"urlTemplate\":\"http:\/\/emstrong.com.tr\/?s={search_term_string}\"},\"query-input\":\"required name=search_term_string\"}],\"inLanguage\":\"tr\"},{\"@type\":\"Organization\",\"@id\":\"http:\/\/emstrong.com.tr\/#organization\",\"name\":\"Emstrong\",\"alternateName\":\"Diyetisyenstore D\u0131\u015f Tic. Ltd. \u015eti.\",\"url\":\"http:\/\/emstrong.com.tr\/\",\"logo\":{\"@type\":\"ImageObject\",\"inLanguage\":\"tr\",\"@id\":\"http:\/\/emstrong.com.tr\/#\/schema\/logo\/image\/\",\"url\":\"https:\/\/emstrong.com.tr\/wp-content\/uploads\/2023\/02\/logo-emstrong-2023.png\",\"contentUrl\":\"https:\/\/emstrong.com.tr\/wp-content\/uploads\/2023\/02\/logo-emstrong-2023.png\",\"width\":3300,\"height\":771,\"caption\":\"Emstrong\"},\"image\":{\"@id\":\"http:\/\/emstrong.com.tr\/#\/schema\/logo\/image\/\"},\"sameAs\":[\"https:\/\/www.instagram.com\/emstrongtr\/\",\"https:\/\/twitter.com\/gencdiyetisyen\",\"https:\/\/www.instagram.com\/diyetisyenstore.com1\",\"https:\/\/www.facebook.com\/diyetisyenstore\",\"https:\/\/www.instagram.com\/emstrong.com.tr\/\"]}]}<\/script>\n<!-- \/ Yoast SEO plugin. -->","yoast_head_json":{"title":"ileti\u015fim - Emstrong","robots":{"index":"index","follow":"follow","max-snippet":"max-snippet:-1","max-image-preview":"max-image-preview:large","max-video-preview":"max-video-preview:-1"},"canonical":"http:\/\/emstrong.com.tr\/index.php\/iletisim","og_locale":"tr_TR","og_type":"article","og_title":"ileti\u015fim - Emstrong","og_description":"0535 649 29 03 DiyetisyenStore D\u0131\u015f Ticaret Limited \u015eirketi E-Posta : diyetisyenstore@gmail.com Ofis Adresi : Kaz\u0131m Karabekir Mah. S\u00fcrmene Sok. A Blok Sit. 10\/9 Melikgazi &#8211; Kayseri","og_url":"http:\/\/emstrong.com.tr\/index.php\/iletisim","og_site_name":"Emstrong","article_publisher":"https:\/\/www.instagram.com\/emstrongtr\/","article_modified_time":"2023-07-30T09:33:28+00:00","og_image":[{"url":"http:\/\/emstrong.com.tr\/wp-content\/uploads\/2023\/02\/WhatsApp-destek-1024x261.jpg"}],"twitter_card":"summary_large_image","twitter_site":"@gencdiyetisyen","twitter_misc":{"Tahmini okuma s\u00fcresi":"1 dakika"},"schema":{"@context":"https:\/\/schema.org","@graph":[{"@type":"WebPage","@id":"http:\/\/emstrong.com.tr\/index.php\/iletisim","url":"http:\/\/emstrong.com.tr\/index.php\/iletisim","name":"ileti\u015fim - Emstrong","isPartOf":{"@id":"http:\/\/emstrong.com.tr\/#website"},"datePublished":"2023-02-10T21:00:01+00:00","dateModified":"2023-07-30T09:33:28+00:00","breadcrumb":{"@id":"http:\/\/emstrong.com.tr\/index.php\/iletisim#breadcrumb"},"inLanguage":"tr","potentialAction":[{"@type":"ReadAction","target":["http:\/\/emstrong.com.tr\/index.php\/iletisim"]}]},{"@type":"BreadcrumbList","@id":"http:\/\/emstrong.com.tr\/index.php\/iletisim#breadcrumb","itemListElement":[{"@type":"ListItem","position":1,"name":"Anasayfa","item":"http:\/\/emstrong.com.tr\/"},{"@type":"ListItem","position":2,"name":"ileti\u015fim"}]},{"@type":"WebSite","@id":"http:\/\/emstrong.com.tr\/#website","url":"http:\/\/emstrong.com.tr\/","name":"Emstrong","description":"G\u00fc\u00e7 Seninle Olsun","publisher":{"@id":"http:\/\/emstrong.com.tr\/#organization"},"alternateName":"EmStrong Pro4","potentialAction":[{"@type":"SearchAction","target":{"@type":"EntryPoint","urlTemplate":"http:\/\/emstrong.com.tr\/?s={search_term_string}"},"query-input":"required name=search_term_string"}],"inLanguage":"tr"},{"@type":"Organization","@id":"http:\/\/emstrong.com.tr\/#organization","name":"Emstrong","alternateName":"Diyetisyenstore D\u0131\u015f Tic. Ltd. \u015eti.","url":"http:\/\/emstrong.com.tr\/","logo":{"@type":"ImageObject","inLanguage":"tr","@id":"http:\/\/emstrong.com.tr\/#\/schema\/logo\/image\/","url":"https:\/\/emstrong.com.tr\/wp-content\/uploads\/2023\/02\/logo-emstrong-2023.png","contentUrl":"https:\/\/emstrong.com.tr\/wp-content\/uploads\/2023\/02\/logo-emstrong-2023.png","width":3300,"height":771,"caption":"Emstrong"},"image":{"@id":"http:\/\/emstrong.com.tr\/#\/schema\/logo\/image\/"},"sameAs":["https:\/\/www.instagram.com\/emstrongtr\/","https:\/\/twitter.com\/gencdiyetisyen","https:\/\/www.instagram.com\/diyetisyenstore.com1","https:\/\/www.facebook.com\/diyetisyenstore","https:\/\/www.instagram.com\/emstrong.com.tr\/"]}]}},"_links":{"self":[{"href":"http:\/\/emstrong.com.tr\/index.php\/wp-json\/wp\/v2\/pages\/60","targetHints":{"allow":["GET"]}}],"collection":[{"href":"http:\/\/emstrong.com.tr\/index.php\/wp-json\/wp\/v2\/pages"}],"about":[{"href":"http:\/\/emstrong.com.tr\/index.php\/wp-json\/wp\/v2\/types\/page"}],"author":[{"embeddable":true,"href":"http:\/\/emstrong.com.tr\/index.php\/wp-json\/wp\/v2\/users\/1"}],"replies":[{"embeddable":true,"href":"http:\/\/emstrong.com.tr\/index.php\/wp-json\/wp\/v2\/comments?post=60"}],"version-history":[{"count":4,"href":"http:\/\/emstrong.com.tr\/index.php\/wp-json\/wp\/v2\/pages\/60\/revisions"}],"predecessor-version":[{"id":510,"href":"http:\/\/emstrong.com.tr\/index.php\/wp-json\/wp\/v2\/pages\/60\/revisions\/510"}],"wp:attachment":[{"href":"http:\/\/emstrong.com.tr\/index.php\/wp-json\/wp\/v2\/media?parent=60"}],"curies":[{"name":"wp","href":"https:\/\/api.w.org\/{rel}","templated":true}]}}