{"id":367,"date":"2023-02-16T13:17:33","date_gmt":"2023-02-16T10:17:33","guid":{"rendered":"http:\/\/emstrong.com.tr\/?page_id=367"},"modified":"2023-02-16T13:32:04","modified_gmt":"2023-02-16T10:32:04","slug":"hakkimizda","status":"publish","type":"page","link":"http:\/\/emstrong.com.tr\/index.php\/hakkimizda","title":{"rendered":"Hakk\u0131m\u0131zda"},"content":{"rendered":"\n<p>Sevgili Ziyaretcilerimiz,<\/p>\n\n\n\n<p>DiyetisyenStore D\u0131\u015f Ticaret Limited \u015eirketi olarak t\u00fcm Emstrong modellerinin T\u00fcrkiye Distrib\u00fct\u00f6r\u00fc olmaktan ve siz m\u00fc\u015fterilerimize do\u011fru ve g\u00fcvenilir hizmet vermenin hakl\u0131 gururunu ya\u015famaktay\u0131z.<\/p>\n\n\n\n<p><\/p>\n\n\n\n<p>Hesap Bilgilerimiz;<\/p>\n\n\n\n<figure class=\"wp-block-table\"><table class=\"has-fixed-layout\"><tbody><tr><td>\u0130\u015f Bankas\u0131 <br>Kayseri &#8211; Sahabiye \u015eubesi<\/td><td>Hesap Ad\u0131<br>DiyetisyenStore D\u0131\u015f Ticaret Limited \u015eirketi<\/td><\/tr><tr><td>T\u00fcrk Liras\u0131 IBAN<\/td><td>TR60 0006 4000 0015 3070 9877 90<\/td><\/tr><tr><td>EURO IBAN<\/td><td>TR84 0006 4000 0025 3073 4447 51<\/td><\/tr><tr><td>USD IBAN<\/td><td>TR94 0006 4000 0025 3073 4447 65<\/td><\/tr><\/tbody><\/table><figcaption class=\"wp-element-caption\"> <\/figcaption><\/figure>\n\n\n\n<hr class=\"wp-block-separator has-alpha-channel-opacity\"\/>\n\n\n\n<figure class=\"wp-block-table\"><table class=\"has-fixed-layout\"><tbody><tr><td>Halk Bankas\u0131<br>Kayseri &#8211; Yeni Sanayi Sit. \u015eubesi<\/td><td>Hesap Ad\u0131<br>DiyetisyenStore D\u0131\u015f Ticaret Limited \u015eirketi<\/td><\/tr><tr><td>T\u00fcrk Liras\u0131 IBAN<\/td><td>TR28 0001 2009 4900 0010 2622 75<\/td><\/tr><tr><td>EURO IBAN<\/td><td>TR70 0001 2009 4900 0058 0005 54<\/td><\/tr><tr><td>USD IBAN<\/td><td>TR34 0001 2009 4900 0053 0005 61<\/td><\/tr><\/tbody><\/table><\/figure>\n\n\n\n<hr class=\"wp-block-separator has-alpha-channel-opacity\"\/>\n\n\n\n<figure class=\"wp-block-table\"><table class=\"has-fixed-layout\"><tbody><tr><td><img loading=\"lazy\" decoding=\"async\" width=\"150\" height=\"35\" class=\"wp-image-372\" style=\"width: 150px;\" src=\"http:\/\/emstrong.com.tr\/wp-content\/uploads\/2023\/02\/kuveyt-turk.png\" alt=\"\" srcset=\"http:\/\/emstrong.com.tr\/wp-content\/uploads\/2023\/02\/kuveyt-turk.png 536w, http:\/\/emstrong.com.tr\/wp-content\/uploads\/2023\/02\/kuveyt-turk-300x69.png 300w\" sizes=\"auto, (max-width: 150px) 100vw, 150px\" \/><\/td><td>Kayseri &#8211; Sahabiye \u015eubesi<\/td><\/tr><tr><td>T\u00fcrk Liras\u0131 IBAN<\/td><td>TR71 0020 5000 0983 9581 3000 01<\/td><\/tr><tr><td>EURO IBAN<\/td><td>TR60 0020 5000 0983 9581 3001 02<\/td><\/tr><tr><td>USD IBAN<\/td><td>TR87 0020 5000 0983 9581 3001 01<\/td><\/tr><\/tbody><\/table><\/figure>\n\n\n\n<p> <\/p>\n","protected":false},"excerpt":{"rendered":"<p>Sevgili Ziyaretcilerimiz, DiyetisyenStore D\u0131\u015f Ticaret Limited \u015eirketi olarak t\u00fcm Emstrong modellerinin T\u00fcrkiye Distrib\u00fct\u00f6r\u00fc olmaktan ve siz m\u00fc\u015fterilerimize do\u011fru ve g\u00fcvenilir hizmet vermenin hakl\u0131 gururunu ya\u015famaktay\u0131z. Hesap Bilgilerimiz; \u0130\u015f Bankas\u0131 Kayseri &#8211; Sahabiye \u015eubesi Hesap Ad\u0131DiyetisyenStore D\u0131\u015f Ticaret Limited \u015eirketi T\u00fcrk Liras\u0131 IBAN TR60 0006 4000 0015 3070 9877 90 EURO IBAN TR84 0006 4000 0025 [&hellip;]<\/p>\n","protected":false},"author":1,"featured_media":0,"parent":0,"menu_order":0,"comment_status":"closed","ping_status":"closed","template":"","meta":{"footnotes":""},"class_list":["post-367","page","type-page","status-publish","hentry"],"yoast_head":"<!-- This site is optimized with the Yoast SEO plugin v21.3 - https:\/\/yoast.com\/wordpress\/plugins\/seo\/ -->\n<title>Hakk\u0131m\u0131zda - Emstrong<\/title>\n<meta name=\"robots\" content=\"index, follow, max-snippet:-1, max-image-preview:large, max-video-preview:-1\" \/>\n<link rel=\"canonical\" href=\"http:\/\/emstrong.com.tr\/index.php\/hakkimizda\" \/>\n<meta property=\"og:locale\" content=\"tr_TR\" \/>\n<meta property=\"og:type\" content=\"article\" \/>\n<meta property=\"og:title\" content=\"Hakk\u0131m\u0131zda - Emstrong\" \/>\n<meta property=\"og:description\" content=\"Sevgili Ziyaretcilerimiz, DiyetisyenStore D\u0131\u015f Ticaret Limited \u015eirketi olarak t\u00fcm Emstrong modellerinin T\u00fcrkiye Distrib\u00fct\u00f6r\u00fc olmaktan ve siz m\u00fc\u015fterilerimize do\u011fru ve g\u00fcvenilir hizmet vermenin hakl\u0131 gururunu ya\u015famaktay\u0131z. Hesap Bilgilerimiz; \u0130\u015f Bankas\u0131 Kayseri &#8211; Sahabiye \u015eubesi Hesap Ad\u0131DiyetisyenStore D\u0131\u015f Ticaret Limited \u015eirketi T\u00fcrk Liras\u0131 IBAN TR60 0006 4000 0015 3070 9877 90 EURO IBAN TR84 0006 4000 0025 [&hellip;]\" \/>\n<meta property=\"og:url\" content=\"http:\/\/emstrong.com.tr\/index.php\/hakkimizda\" \/>\n<meta property=\"og:site_name\" content=\"Emstrong\" \/>\n<meta property=\"article:publisher\" content=\"https:\/\/www.instagram.com\/emstrongtr\/\" \/>\n<meta property=\"article:modified_time\" content=\"2023-02-16T10:32:04+00:00\" \/>\n<meta property=\"og:image\" content=\"http:\/\/emstrong.com.tr\/wp-content\/uploads\/2023\/02\/kuveyt-turk.png\" \/>\n<meta name=\"twitter:card\" content=\"summary_large_image\" \/>\n<meta name=\"twitter:site\" content=\"@gencdiyetisyen\" \/>\n<script type=\"application\/ld+json\" class=\"yoast-schema-graph\">{\"@context\":\"https:\/\/schema.org\",\"@graph\":[{\"@type\":\"WebPage\",\"@id\":\"http:\/\/emstrong.com.tr\/index.php\/hakkimizda\",\"url\":\"http:\/\/emstrong.com.tr\/index.php\/hakkimizda\",\"name\":\"Hakk\u0131m\u0131zda - Emstrong\",\"isPartOf\":{\"@id\":\"https:\/\/emstrong.com.tr\/#website\"},\"datePublished\":\"2023-02-16T10:17:33+00:00\",\"dateModified\":\"2023-02-16T10:32:04+00:00\",\"breadcrumb\":{\"@id\":\"http:\/\/emstrong.com.tr\/index.php\/hakkimizda#breadcrumb\"},\"inLanguage\":\"tr\",\"potentialAction\":[{\"@type\":\"ReadAction\",\"target\":[\"http:\/\/emstrong.com.tr\/index.php\/hakkimizda\"]}]},{\"@type\":\"BreadcrumbList\",\"@id\":\"http:\/\/emstrong.com.tr\/index.php\/hakkimizda#breadcrumb\",\"itemListElement\":[{\"@type\":\"ListItem\",\"position\":1,\"name\":\"Anasayfa\",\"item\":\"https:\/\/emstrong.com.tr\/\"},{\"@type\":\"ListItem\",\"position\":2,\"name\":\"Hakk\u0131m\u0131zda\"}]},{\"@type\":\"WebSite\",\"@id\":\"https:\/\/emstrong.com.tr\/#website\",\"url\":\"https:\/\/emstrong.com.tr\/\",\"name\":\"Emstrong\",\"description\":\"G\u00fc\u00e7 Seninle Olsun\",\"publisher\":{\"@id\":\"https:\/\/emstrong.com.tr\/#organization\"},\"alternateName\":\"EmStrong Pro4\",\"potentialAction\":[{\"@type\":\"SearchAction\",\"target\":{\"@type\":\"EntryPoint\",\"urlTemplate\":\"https:\/\/emstrong.com.tr\/?s={search_term_string}\"},\"query-input\":\"required name=search_term_string\"}],\"inLanguage\":\"tr\"},{\"@type\":\"Organization\",\"@id\":\"https:\/\/emstrong.com.tr\/#organization\",\"name\":\"Emstrong\",\"alternateName\":\"Diyetisyenstore D\u0131\u015f Tic. Ltd. \u015eti.\",\"url\":\"https:\/\/emstrong.com.tr\/\",\"logo\":{\"@type\":\"ImageObject\",\"inLanguage\":\"tr\",\"@id\":\"https:\/\/emstrong.com.tr\/#\/schema\/logo\/image\/\",\"url\":\"https:\/\/emstrong.com.tr\/wp-content\/uploads\/2023\/02\/logo-emstrong-2023.png\",\"contentUrl\":\"https:\/\/emstrong.com.tr\/wp-content\/uploads\/2023\/02\/logo-emstrong-2023.png\",\"width\":3300,\"height\":771,\"caption\":\"Emstrong\"},\"image\":{\"@id\":\"https:\/\/emstrong.com.tr\/#\/schema\/logo\/image\/\"},\"sameAs\":[\"https:\/\/www.instagram.com\/emstrongtr\/\",\"https:\/\/twitter.com\/gencdiyetisyen\",\"https:\/\/www.instagram.com\/diyetisyenstore.com1\",\"https:\/\/www.facebook.com\/diyetisyenstore\",\"https:\/\/www.instagram.com\/emstrong.com.tr\/\"]}]}<\/script>\n<!-- \/ Yoast SEO plugin. -->","yoast_head_json":{"title":"Hakk\u0131m\u0131zda - Emstrong","robots":{"index":"index","follow":"follow","max-snippet":"max-snippet:-1","max-image-preview":"max-image-preview:large","max-video-preview":"max-video-preview:-1"},"canonical":"http:\/\/emstrong.com.tr\/index.php\/hakkimizda","og_locale":"tr_TR","og_type":"article","og_title":"Hakk\u0131m\u0131zda - Emstrong","og_description":"Sevgili Ziyaretcilerimiz, DiyetisyenStore D\u0131\u015f Ticaret Limited \u015eirketi olarak t\u00fcm Emstrong modellerinin T\u00fcrkiye Distrib\u00fct\u00f6r\u00fc olmaktan ve siz m\u00fc\u015fterilerimize do\u011fru ve g\u00fcvenilir hizmet vermenin hakl\u0131 gururunu ya\u015famaktay\u0131z. Hesap Bilgilerimiz; \u0130\u015f Bankas\u0131 Kayseri &#8211; Sahabiye \u015eubesi Hesap Ad\u0131DiyetisyenStore D\u0131\u015f Ticaret Limited \u015eirketi T\u00fcrk Liras\u0131 IBAN TR60 0006 4000 0015 3070 9877 90 EURO IBAN TR84 0006 4000 0025 [&hellip;]","og_url":"http:\/\/emstrong.com.tr\/index.php\/hakkimizda","og_site_name":"Emstrong","article_publisher":"https:\/\/www.instagram.com\/emstrongtr\/","article_modified_time":"2023-02-16T10:32:04+00:00","og_image":[{"url":"http:\/\/emstrong.com.tr\/wp-content\/uploads\/2023\/02\/kuveyt-turk.png"}],"twitter_card":"summary_large_image","twitter_site":"@gencdiyetisyen","schema":{"@context":"https:\/\/schema.org","@graph":[{"@type":"WebPage","@id":"http:\/\/emstrong.com.tr\/index.php\/hakkimizda","url":"http:\/\/emstrong.com.tr\/index.php\/hakkimizda","name":"Hakk\u0131m\u0131zda - Emstrong","isPartOf":{"@id":"https:\/\/emstrong.com.tr\/#website"},"datePublished":"2023-02-16T10:17:33+00:00","dateModified":"2023-02-16T10:32:04+00:00","breadcrumb":{"@id":"http:\/\/emstrong.com.tr\/index.php\/hakkimizda#breadcrumb"},"inLanguage":"tr","potentialAction":[{"@type":"ReadAction","target":["http:\/\/emstrong.com.tr\/index.php\/hakkimizda"]}]},{"@type":"BreadcrumbList","@id":"http:\/\/emstrong.com.tr\/index.php\/hakkimizda#breadcrumb","itemListElement":[{"@type":"ListItem","position":1,"name":"Anasayfa","item":"https:\/\/emstrong.com.tr\/"},{"@type":"ListItem","position":2,"name":"Hakk\u0131m\u0131zda"}]},{"@type":"WebSite","@id":"https:\/\/emstrong.com.tr\/#website","url":"https:\/\/emstrong.com.tr\/","name":"Emstrong","description":"G\u00fc\u00e7 Seninle Olsun","publisher":{"@id":"https:\/\/emstrong.com.tr\/#organization"},"alternateName":"EmStrong Pro4","potentialAction":[{"@type":"SearchAction","target":{"@type":"EntryPoint","urlTemplate":"https:\/\/emstrong.com.tr\/?s={search_term_string}"},"query-input":"required name=search_term_string"}],"inLanguage":"tr"},{"@type":"Organization","@id":"https:\/\/emstrong.com.tr\/#organization","name":"Emstrong","alternateName":"Diyetisyenstore D\u0131\u015f Tic. Ltd. \u015eti.","url":"https:\/\/emstrong.com.tr\/","logo":{"@type":"ImageObject","inLanguage":"tr","@id":"https:\/\/emstrong.com.tr\/#\/schema\/logo\/image\/","url":"https:\/\/emstrong.com.tr\/wp-content\/uploads\/2023\/02\/logo-emstrong-2023.png","contentUrl":"https:\/\/emstrong.com.tr\/wp-content\/uploads\/2023\/02\/logo-emstrong-2023.png","width":3300,"height":771,"caption":"Emstrong"},"image":{"@id":"https:\/\/emstrong.com.tr\/#\/schema\/logo\/image\/"},"sameAs":["https:\/\/www.instagram.com\/emstrongtr\/","https:\/\/twitter.com\/gencdiyetisyen","https:\/\/www.instagram.com\/diyetisyenstore.com1","https:\/\/www.facebook.com\/diyetisyenstore","https:\/\/www.instagram.com\/emstrong.com.tr\/"]}]}},"_links":{"self":[{"href":"http:\/\/emstrong.com.tr\/index.php\/wp-json\/wp\/v2\/pages\/367","targetHints":{"allow":["GET"]}}],"collection":[{"href":"http:\/\/emstrong.com.tr\/index.php\/wp-json\/wp\/v2\/pages"}],"about":[{"href":"http:\/\/emstrong.com.tr\/index.php\/wp-json\/wp\/v2\/types\/page"}],"author":[{"embeddable":true,"href":"http:\/\/emstrong.com.tr\/index.php\/wp-json\/wp\/v2\/users\/1"}],"replies":[{"embeddable":true,"href":"http:\/\/emstrong.com.tr\/index.php\/wp-json\/wp\/v2\/comments?post=367"}],"version-history":[{"count":5,"href":"http:\/\/emstrong.com.tr\/index.php\/wp-json\/wp\/v2\/pages\/367\/revisions"}],"predecessor-version":[{"id":375,"href":"http:\/\/emstrong.com.tr\/index.php\/wp-json\/wp\/v2\/pages\/367\/revisions\/375"}],"wp:attachment":[{"href":"http:\/\/emstrong.com.tr\/index.php\/wp-json\/wp\/v2\/media?parent=367"}],"curies":[{"name":"wp","href":"https:\/\/api.w.org\/{rel}","templated":true}]}}