{"id":315,"date":"2023-02-16T12:44:11","date_gmt":"2023-02-16T09:44:11","guid":{"rendered":"http:\/\/emstrong.com.tr\/?page_id=315"},"modified":"2023-02-16T12:49:25","modified_gmt":"2023-02-16T09:49:25","slug":"modellerimiz","status":"publish","type":"page","link":"http:\/\/emstrong.com.tr\/index.php\/modellerimiz","title":{"rendered":"Modellerimiz"},"content":{"rendered":"\n<p>Emstrong Modellerimizin Kar\u015f\u0131la\u015ft\u0131r\u0131lma Tablosu<\/p>\n\n\n\n<div class=\"wp-block-columns is-layout-flex wp-container-core-columns-is-layout-9d6595d7 wp-block-columns-is-layout-flex\">\n<div class=\"wp-block-column is-layout-flow wp-block-column-is-layout-flow\">\n<div class=\"wp-block-columns is-layout-flex wp-container-core-columns-is-layout-9d6595d7 wp-block-columns-is-layout-flex\">\n<div class=\"wp-block-column is-layout-flow wp-block-column-is-layout-flow\">\n<figure class=\"wp-block-table\"><table class=\"has-black-color has-light-green-cyan-background-color has-text-color has-background has-fixed-layout\"><thead><tr><th class=\"has-text-align-center\" data-align=\"center\"><strong>G\u00f6rsel<\/strong><\/th><th class=\"has-text-align-center\" data-align=\"center\"><strong>Model<\/strong><\/th><th><strong>Kol Say\u0131s\u0131<\/strong><\/th><th class=\"has-text-align-center\" data-align=\"center\"><strong>Magnetik<br>Yo\u011funluk<\/strong><\/th><th><strong>At\u0131\u015f<\/strong><\/th><th><strong>Bro\u015f\u00fcr<\/strong><\/th><th>Daha Fazla Bilgi<\/th><\/tr><\/thead><tbody><tr><td class=\"has-text-align-center\" data-align=\"center\"><\/td><td class=\"has-text-align-center\" data-align=\"center\"><\/td><td><\/td><td class=\"has-text-align-center\" data-align=\"center\"><\/td><td>  <\/td><td><\/td><td><\/td><\/tr><tr><td class=\"has-text-align-center\" data-align=\"center\"> <img loading=\"lazy\" decoding=\"async\" width=\"150\" height=\"150\" class=\"wp-image-189\" style=\"width: 150px;\" src=\"http:\/\/emstrong.com.tr\/wp-content\/uploads\/2023\/02\/pro3.webp\" alt=\"\" srcset=\"http:\/\/emstrong.com.tr\/wp-content\/uploads\/2023\/02\/pro3.webp 1200w, http:\/\/emstrong.com.tr\/wp-content\/uploads\/2023\/02\/pro3-300x300.webp 300w, http:\/\/emstrong.com.tr\/wp-content\/uploads\/2023\/02\/pro3-1024x1024.webp 1024w, http:\/\/emstrong.com.tr\/wp-content\/uploads\/2023\/02\/pro3-150x150.webp 150w, http:\/\/emstrong.com.tr\/wp-content\/uploads\/2023\/02\/pro3-768x768.webp 768w, http:\/\/emstrong.com.tr\/wp-content\/uploads\/2023\/02\/pro3-600x600.webp 600w, http:\/\/emstrong.com.tr\/wp-content\/uploads\/2023\/02\/pro3-100x100.webp 100w\" sizes=\"auto, (max-width: 150px) 100vw, 150px\" \/><\/td><td class=\"has-text-align-center\" data-align=\"center\">Emstrong<\/td><td>2<\/td><td class=\"has-text-align-center\" data-align=\"center\">0-7<br>Tesla<\/td><td>300 us<\/td><td>Bro\u015f\u00fcr<br>video<\/td><td><a href=\"\/index.php\/urun\/emstrong-yeni-nesil-temassiz-ems\" target=\"_blank\" rel=\"noreferrer noopener\">Detay<\/a><\/td><\/tr><tr><td class=\"has-text-align-center\" data-align=\"center\"><img loading=\"lazy\" decoding=\"async\" width=\"150\" height=\"150\" class=\"wp-image-189\" style=\"width: 150px;\" src=\"http:\/\/emstrong.com.tr\/wp-content\/uploads\/2023\/02\/pro3.webp\" alt=\"\" srcset=\"http:\/\/emstrong.com.tr\/wp-content\/uploads\/2023\/02\/pro3.webp 1200w, http:\/\/emstrong.com.tr\/wp-content\/uploads\/2023\/02\/pro3-300x300.webp 300w, http:\/\/emstrong.com.tr\/wp-content\/uploads\/2023\/02\/pro3-1024x1024.webp 1024w, http:\/\/emstrong.com.tr\/wp-content\/uploads\/2023\/02\/pro3-150x150.webp 150w, http:\/\/emstrong.com.tr\/wp-content\/uploads\/2023\/02\/pro3-768x768.webp 768w, http:\/\/emstrong.com.tr\/wp-content\/uploads\/2023\/02\/pro3-600x600.webp 600w, http:\/\/emstrong.com.tr\/wp-content\/uploads\/2023\/02\/pro3-100x100.webp 100w\" sizes=\"auto, (max-width: 150px) 100vw, 150px\" \/><\/td><td class=\"has-text-align-center\" data-align=\"center\">Emstrong Pro2<\/td><td>4<\/td><td class=\"has-text-align-center\" data-align=\"center\">0-7<br>Tesla<\/td><td>300 us<\/td><td>Bro\u015f\u00fcr<br>video<\/td><td><a href=\"http:\/\/emstrong.com.tr\/index.php\/dosyalar\" data-type=\"page\" data-id=\"169\" target=\"_blank\" rel=\"noreferrer noopener\">Detay<\/a><\/td><\/tr><tr><td class=\"has-text-align-center\" data-align=\"center\"><img loading=\"lazy\" decoding=\"async\" width=\"150\" height=\"123\" class=\"wp-image-182\" style=\"width: 150px;\" src=\"http:\/\/emstrong.com.tr\/wp-content\/uploads\/2023\/02\/p3.webp\" alt=\"\" srcset=\"http:\/\/emstrong.com.tr\/wp-content\/uploads\/2023\/02\/p3.webp 934w, http:\/\/emstrong.com.tr\/wp-content\/uploads\/2023\/02\/p3-300x246.webp 300w, http:\/\/emstrong.com.tr\/wp-content\/uploads\/2023\/02\/p3-768x629.webp 768w, http:\/\/emstrong.com.tr\/wp-content\/uploads\/2023\/02\/p3-600x491.webp 600w\" sizes=\"auto, (max-width: 150px) 100vw, 150px\" \/> <\/td><td class=\"has-text-align-center\" data-align=\"center\">Emstrong Pro3<\/td><td>4<\/td><td class=\"has-text-align-center\" data-align=\"center\">0-10<br>Tesla<\/td><td>350 us<\/td><td>Bro\u015f\u00fcr<br>video<\/td><td><a href=\"\/index.php\/urun\/ems-emstrong-pro3\" target=\"_blank\" rel=\"noreferrer noopener\">Detay<\/a><\/td><\/tr><tr><td class=\"has-text-align-center\" data-align=\"center\"><img loading=\"lazy\" decoding=\"async\" width=\"150\" height=\"85\" class=\"wp-image-125\" style=\"width: 150px;\" src=\"http:\/\/emstrong.com.tr\/wp-content\/uploads\/2023\/02\/emstrong-pro3-anasayfa.jpg\" alt=\"\" srcset=\"http:\/\/emstrong.com.tr\/wp-content\/uploads\/2023\/02\/emstrong-pro3-anasayfa.jpg 1524w, http:\/\/emstrong.com.tr\/wp-content\/uploads\/2023\/02\/emstrong-pro3-anasayfa-300x169.jpg 300w, http:\/\/emstrong.com.tr\/wp-content\/uploads\/2023\/02\/emstrong-pro3-anasayfa-1024x578.jpg 1024w, http:\/\/emstrong.com.tr\/wp-content\/uploads\/2023\/02\/emstrong-pro3-anasayfa-768x433.jpg 768w, http:\/\/emstrong.com.tr\/wp-content\/uploads\/2023\/02\/emstrong-pro3-anasayfa-600x339.jpg 600w\" sizes=\"auto, (max-width: 150px) 100vw, 150px\" \/><\/td><td class=\"has-text-align-center\" data-align=\"center\">Emstrong Pro3S<\/td><td>4<\/td><td class=\"has-text-align-center\" data-align=\"center\">0-10<br>Tesla<\/td><td>350 us<\/td><td>Bro\u015f\u00fcr<br>video<\/td><td><a href=\"\/index.php\/urun\/ems-emstrong-pro3\" target=\"_blank\" rel=\"noreferrer noopener\">Detay<\/a><\/td><\/tr><tr><td class=\"has-text-align-center\" data-align=\"center\"><img loading=\"lazy\" decoding=\"async\" width=\"150\" height=\"150\" class=\"wp-image-186\" style=\"width: 150px;\" src=\"http:\/\/emstrong.com.tr\/wp-content\/uploads\/2023\/02\/emstrong-pro4-1202.jpg\" alt=\"\" srcset=\"http:\/\/emstrong.com.tr\/wp-content\/uploads\/2023\/02\/emstrong-pro4-1202.jpg 1200w, http:\/\/emstrong.com.tr\/wp-content\/uploads\/2023\/02\/emstrong-pro4-1202-300x300.jpg 300w, http:\/\/emstrong.com.tr\/wp-content\/uploads\/2023\/02\/emstrong-pro4-1202-1024x1024.jpg 1024w, http:\/\/emstrong.com.tr\/wp-content\/uploads\/2023\/02\/emstrong-pro4-1202-150x150.jpg 150w, http:\/\/emstrong.com.tr\/wp-content\/uploads\/2023\/02\/emstrong-pro4-1202-768x768.jpg 768w, http:\/\/emstrong.com.tr\/wp-content\/uploads\/2023\/02\/emstrong-pro4-1202-600x600.jpg 600w, http:\/\/emstrong.com.tr\/wp-content\/uploads\/2023\/02\/emstrong-pro4-1202-100x100.jpg 100w\" sizes=\"auto, (max-width: 150px) 100vw, 150px\" \/> <\/td><td class=\"has-text-align-center\" data-align=\"center\">Emstrong Pro4<\/td><td>4<\/td><td class=\"has-text-align-center\" data-align=\"center\">0-12<br>Tesla<\/td><td>400 us<\/td><td>Bro\u015f\u00fcr<br>video<\/td><td><a href=\"\/index.php\/urun\/ems-emstrong-pro4\" target=\"_blank\" rel=\"noreferrer noopener\">Detay<\/a><\/td><\/tr><tr><td class=\"has-text-align-center\" data-align=\"center\"><img loading=\"lazy\" decoding=\"async\" width=\"120\" height=\"174\" class=\"wp-image-123\" style=\"width: 120px;\" src=\"http:\/\/emstrong.com.tr\/wp-content\/uploads\/2023\/02\/slayt-emstrong-pro4.png\" alt=\"\" srcset=\"http:\/\/emstrong.com.tr\/wp-content\/uploads\/2023\/02\/slayt-emstrong-pro4.png 289w, http:\/\/emstrong.com.tr\/wp-content\/uploads\/2023\/02\/slayt-emstrong-pro4-206x300.png 206w\" sizes=\"auto, (max-width: 120px) 100vw, 120px\" \/><\/td><td class=\"has-text-align-center\" data-align=\"center\">Emstrong Pro4S<br>\u00c7\u0131k\u0131\u015f Frekans\u0131 : 1-150 Hz<\/td><td>4<\/td><td class=\"has-text-align-center\" data-align=\"center\">0-12<br>Tesla<\/td><td>400 us<\/td><td>Bro\u015f\u00fcr<br>video<\/td><td><a href=\"\/index.php\/urun\/ems-emstrong-pro4\" target=\"_blank\" rel=\"noreferrer noopener\">Detay<\/a><\/td><\/tr><\/tbody><\/table><figcaption class=\"wp-element-caption\">T\u00fcm Modellerimizde ortak \u00f6zellikler : <br>*\u00c7\u0131k\u0131\u015f Frekans\u0131 :  1-150 Hz      <br> *So\u011futma sistemi : Hava ile So\u011futma   <br>*Uygulama S\u00fcre : 30-60 dakika <br>*\u00c7al\u0131\u015fma De\u011feri :  AC 110\/220 V \u00b1 10%, 50\/60 Hz     <br>* T\u00fcr\u00fc :  Y\u00fcksek Yo\u011funluklu Odaklanm\u0131\u015f Elektromanyetik<\/figcaption><\/figure>\n<\/div>\n<\/div>\n<\/div>\n<\/div>\n","protected":false},"excerpt":{"rendered":"<p>Emstrong Modellerimizin Kar\u015f\u0131la\u015ft\u0131r\u0131lma Tablosu G\u00f6rsel Model Kol Say\u0131s\u0131 MagnetikYo\u011funluk At\u0131\u015f Bro\u015f\u00fcr Daha Fazla Bilgi Emstrong 2 0-7Tesla 300 us Bro\u015f\u00fcrvideo Detay Emstrong Pro2 4 0-7Tesla 300 us Bro\u015f\u00fcrvideo Detay Emstrong Pro3 4 0-10Tesla 350 us Bro\u015f\u00fcrvideo Detay Emstrong Pro3S 4 0-10Tesla 350 us Bro\u015f\u00fcrvideo Detay Emstrong Pro4 4 0-12Tesla 400 us Bro\u015f\u00fcrvideo Detay Emstrong Pro4S\u00c7\u0131k\u0131\u015f [&hellip;]<\/p>\n","protected":false},"author":2,"featured_media":0,"parent":0,"menu_order":0,"comment_status":"closed","ping_status":"closed","template":"","meta":{"footnotes":""},"class_list":["post-315","page","type-page","status-publish","hentry"],"yoast_head":"<!-- This site is optimized with the Yoast SEO plugin v21.3 - https:\/\/yoast.com\/wordpress\/plugins\/seo\/ -->\n<title>Modellerimiz - Emstrong<\/title>\n<meta name=\"robots\" content=\"index, follow, max-snippet:-1, max-image-preview:large, max-video-preview:-1\" \/>\n<link rel=\"canonical\" href=\"https:\/\/emstrong.com.tr\/index.php\/modellerimiz\" \/>\n<meta property=\"og:locale\" content=\"tr_TR\" \/>\n<meta property=\"og:type\" content=\"article\" \/>\n<meta property=\"og:title\" content=\"Modellerimiz - Emstrong\" \/>\n<meta property=\"og:description\" content=\"Emstrong Modellerimizin Kar\u015f\u0131la\u015ft\u0131r\u0131lma Tablosu G\u00f6rsel Model Kol Say\u0131s\u0131 MagnetikYo\u011funluk At\u0131\u015f Bro\u015f\u00fcr Daha Fazla Bilgi Emstrong 2 0-7Tesla 300 us Bro\u015f\u00fcrvideo Detay Emstrong Pro2 4 0-7Tesla 300 us Bro\u015f\u00fcrvideo Detay Emstrong Pro3 4 0-10Tesla 350 us Bro\u015f\u00fcrvideo Detay Emstrong Pro3S 4 0-10Tesla 350 us Bro\u015f\u00fcrvideo Detay Emstrong Pro4 4 0-12Tesla 400 us Bro\u015f\u00fcrvideo Detay Emstrong Pro4S\u00c7\u0131k\u0131\u015f [&hellip;]\" \/>\n<meta property=\"og:url\" content=\"https:\/\/emstrong.com.tr\/index.php\/modellerimiz\" \/>\n<meta property=\"og:site_name\" content=\"Emstrong\" \/>\n<meta property=\"article:publisher\" content=\"https:\/\/www.instagram.com\/emstrongtr\/\" \/>\n<meta property=\"article:modified_time\" content=\"2023-02-16T09:49:25+00:00\" \/>\n<meta property=\"og:image\" content=\"http:\/\/emstrong.com.tr\/wp-content\/uploads\/2023\/02\/pro3.webp\" \/>\n<meta name=\"twitter:card\" content=\"summary_large_image\" \/>\n<meta name=\"twitter:site\" content=\"@gencdiyetisyen\" \/>\n<script type=\"application\/ld+json\" class=\"yoast-schema-graph\">{\"@context\":\"https:\/\/schema.org\",\"@graph\":[{\"@type\":\"WebPage\",\"@id\":\"https:\/\/emstrong.com.tr\/index.php\/modellerimiz\",\"url\":\"https:\/\/emstrong.com.tr\/index.php\/modellerimiz\",\"name\":\"Modellerimiz - Emstrong\",\"isPartOf\":{\"@id\":\"https:\/\/emstrong.com.tr\/#website\"},\"datePublished\":\"2023-02-16T09:44:11+00:00\",\"dateModified\":\"2023-02-16T09:49:25+00:00\",\"breadcrumb\":{\"@id\":\"https:\/\/emstrong.com.tr\/index.php\/modellerimiz#breadcrumb\"},\"inLanguage\":\"tr\",\"potentialAction\":[{\"@type\":\"ReadAction\",\"target\":[\"https:\/\/emstrong.com.tr\/index.php\/modellerimiz\"]}]},{\"@type\":\"BreadcrumbList\",\"@id\":\"https:\/\/emstrong.com.tr\/index.php\/modellerimiz#breadcrumb\",\"itemListElement\":[{\"@type\":\"ListItem\",\"position\":1,\"name\":\"Anasayfa\",\"item\":\"https:\/\/emstrong.com.tr\/\"},{\"@type\":\"ListItem\",\"position\":2,\"name\":\"Modellerimiz\"}]},{\"@type\":\"WebSite\",\"@id\":\"https:\/\/emstrong.com.tr\/#website\",\"url\":\"https:\/\/emstrong.com.tr\/\",\"name\":\"Emstrong\",\"description\":\"G\u00fc\u00e7 Seninle Olsun\",\"publisher\":{\"@id\":\"https:\/\/emstrong.com.tr\/#organization\"},\"alternateName\":\"EmStrong Pro4\",\"potentialAction\":[{\"@type\":\"SearchAction\",\"target\":{\"@type\":\"EntryPoint\",\"urlTemplate\":\"https:\/\/emstrong.com.tr\/?s={search_term_string}\"},\"query-input\":\"required name=search_term_string\"}],\"inLanguage\":\"tr\"},{\"@type\":\"Organization\",\"@id\":\"https:\/\/emstrong.com.tr\/#organization\",\"name\":\"Emstrong\",\"alternateName\":\"Diyetisyenstore D\u0131\u015f Tic. Ltd. \u015eti.\",\"url\":\"https:\/\/emstrong.com.tr\/\",\"logo\":{\"@type\":\"ImageObject\",\"inLanguage\":\"tr\",\"@id\":\"https:\/\/emstrong.com.tr\/#\/schema\/logo\/image\/\",\"url\":\"https:\/\/emstrong.com.tr\/wp-content\/uploads\/2023\/02\/logo-emstrong-2023.png\",\"contentUrl\":\"https:\/\/emstrong.com.tr\/wp-content\/uploads\/2023\/02\/logo-emstrong-2023.png\",\"width\":3300,\"height\":771,\"caption\":\"Emstrong\"},\"image\":{\"@id\":\"https:\/\/emstrong.com.tr\/#\/schema\/logo\/image\/\"},\"sameAs\":[\"https:\/\/www.instagram.com\/emstrongtr\/\",\"https:\/\/twitter.com\/gencdiyetisyen\",\"https:\/\/www.instagram.com\/diyetisyenstore.com1\",\"https:\/\/www.facebook.com\/diyetisyenstore\",\"https:\/\/www.instagram.com\/emstrong.com.tr\/\"]}]}<\/script>\n<!-- \/ Yoast SEO plugin. -->","yoast_head_json":{"title":"Modellerimiz - Emstrong","robots":{"index":"index","follow":"follow","max-snippet":"max-snippet:-1","max-image-preview":"max-image-preview:large","max-video-preview":"max-video-preview:-1"},"canonical":"https:\/\/emstrong.com.tr\/index.php\/modellerimiz","og_locale":"tr_TR","og_type":"article","og_title":"Modellerimiz - Emstrong","og_description":"Emstrong Modellerimizin Kar\u015f\u0131la\u015ft\u0131r\u0131lma Tablosu G\u00f6rsel Model Kol Say\u0131s\u0131 MagnetikYo\u011funluk At\u0131\u015f Bro\u015f\u00fcr Daha Fazla Bilgi Emstrong 2 0-7Tesla 300 us Bro\u015f\u00fcrvideo Detay Emstrong Pro2 4 0-7Tesla 300 us Bro\u015f\u00fcrvideo Detay Emstrong Pro3 4 0-10Tesla 350 us Bro\u015f\u00fcrvideo Detay Emstrong Pro3S 4 0-10Tesla 350 us Bro\u015f\u00fcrvideo Detay Emstrong Pro4 4 0-12Tesla 400 us Bro\u015f\u00fcrvideo Detay Emstrong Pro4S\u00c7\u0131k\u0131\u015f [&hellip;]","og_url":"https:\/\/emstrong.com.tr\/index.php\/modellerimiz","og_site_name":"Emstrong","article_publisher":"https:\/\/www.instagram.com\/emstrongtr\/","article_modified_time":"2023-02-16T09:49:25+00:00","og_image":[{"url":"http:\/\/emstrong.com.tr\/wp-content\/uploads\/2023\/02\/pro3.webp"}],"twitter_card":"summary_large_image","twitter_site":"@gencdiyetisyen","schema":{"@context":"https:\/\/schema.org","@graph":[{"@type":"WebPage","@id":"https:\/\/emstrong.com.tr\/index.php\/modellerimiz","url":"https:\/\/emstrong.com.tr\/index.php\/modellerimiz","name":"Modellerimiz - Emstrong","isPartOf":{"@id":"https:\/\/emstrong.com.tr\/#website"},"datePublished":"2023-02-16T09:44:11+00:00","dateModified":"2023-02-16T09:49:25+00:00","breadcrumb":{"@id":"https:\/\/emstrong.com.tr\/index.php\/modellerimiz#breadcrumb"},"inLanguage":"tr","potentialAction":[{"@type":"ReadAction","target":["https:\/\/emstrong.com.tr\/index.php\/modellerimiz"]}]},{"@type":"BreadcrumbList","@id":"https:\/\/emstrong.com.tr\/index.php\/modellerimiz#breadcrumb","itemListElement":[{"@type":"ListItem","position":1,"name":"Anasayfa","item":"https:\/\/emstrong.com.tr\/"},{"@type":"ListItem","position":2,"name":"Modellerimiz"}]},{"@type":"WebSite","@id":"https:\/\/emstrong.com.tr\/#website","url":"https:\/\/emstrong.com.tr\/","name":"Emstrong","description":"G\u00fc\u00e7 Seninle Olsun","publisher":{"@id":"https:\/\/emstrong.com.tr\/#organization"},"alternateName":"EmStrong Pro4","potentialAction":[{"@type":"SearchAction","target":{"@type":"EntryPoint","urlTemplate":"https:\/\/emstrong.com.tr\/?s={search_term_string}"},"query-input":"required name=search_term_string"}],"inLanguage":"tr"},{"@type":"Organization","@id":"https:\/\/emstrong.com.tr\/#organization","name":"Emstrong","alternateName":"Diyetisyenstore D\u0131\u015f Tic. Ltd. \u015eti.","url":"https:\/\/emstrong.com.tr\/","logo":{"@type":"ImageObject","inLanguage":"tr","@id":"https:\/\/emstrong.com.tr\/#\/schema\/logo\/image\/","url":"https:\/\/emstrong.com.tr\/wp-content\/uploads\/2023\/02\/logo-emstrong-2023.png","contentUrl":"https:\/\/emstrong.com.tr\/wp-content\/uploads\/2023\/02\/logo-emstrong-2023.png","width":3300,"height":771,"caption":"Emstrong"},"image":{"@id":"https:\/\/emstrong.com.tr\/#\/schema\/logo\/image\/"},"sameAs":["https:\/\/www.instagram.com\/emstrongtr\/","https:\/\/twitter.com\/gencdiyetisyen","https:\/\/www.instagram.com\/diyetisyenstore.com1","https:\/\/www.facebook.com\/diyetisyenstore","https:\/\/www.instagram.com\/emstrong.com.tr\/"]}]}},"_links":{"self":[{"href":"http:\/\/emstrong.com.tr\/index.php\/wp-json\/wp\/v2\/pages\/315","targetHints":{"allow":["GET"]}}],"collection":[{"href":"http:\/\/emstrong.com.tr\/index.php\/wp-json\/wp\/v2\/pages"}],"about":[{"href":"http:\/\/emstrong.com.tr\/index.php\/wp-json\/wp\/v2\/types\/page"}],"author":[{"embeddable":true,"href":"http:\/\/emstrong.com.tr\/index.php\/wp-json\/wp\/v2\/users\/2"}],"replies":[{"embeddable":true,"href":"http:\/\/emstrong.com.tr\/index.php\/wp-json\/wp\/v2\/comments?post=315"}],"version-history":[{"count":35,"href":"http:\/\/emstrong.com.tr\/index.php\/wp-json\/wp\/v2\/pages\/315\/revisions"}],"predecessor-version":[{"id":363,"href":"http:\/\/emstrong.com.tr\/index.php\/wp-json\/wp\/v2\/pages\/315\/revisions\/363"}],"wp:attachment":[{"href":"http:\/\/emstrong.com.tr\/index.php\/wp-json\/wp\/v2\/media?parent=315"}],"curies":[{"name":"wp","href":"https:\/\/api.w.org\/{rel}","templated":true}]}}