{"id":2,"date":"2023-01-21T12:32:34","date_gmt":"2023-01-21T09:32:34","guid":{"rendered":"http:\/\/emstrong.com.tr\/?page_id=2"},"modified":"2023-02-18T15:15:07","modified_gmt":"2023-02-18T12:15:07","slug":"ornek-sayfa","status":"publish","type":"page","link":"http:\/\/emstrong.com.tr\/index.php\/ornek-sayfa","title":{"rendered":"Emstrong Uygulama Alanlar\u0131"},"content":{"rendered":"\n<p>Yap\u0131m A\u015famas\u0131ndad\u0131r<\/p>\n","protected":false},"excerpt":{"rendered":"<p>Yap\u0131m A\u015famas\u0131ndad\u0131r<\/p>\n","protected":false},"author":1,"featured_media":0,"parent":0,"menu_order":0,"comment_status":"closed","ping_status":"open","template":"","meta":{"footnotes":""},"class_list":["post-2","page","type-page","status-publish","hentry"],"yoast_head":"<!-- This site is optimized with the Yoast SEO plugin v21.3 - https:\/\/yoast.com\/wordpress\/plugins\/seo\/ -->\n<title>Emstrong Uygulama Alanlar\u0131 - Emstrong<\/title>\n<meta name=\"robots\" content=\"index, follow, max-snippet:-1, max-image-preview:large, max-video-preview:-1\" \/>\n<link rel=\"canonical\" href=\"https:\/\/emstrong.com.tr\/index.php\/ornek-sayfa\" \/>\n<meta property=\"og:locale\" content=\"tr_TR\" \/>\n<meta property=\"og:type\" content=\"article\" \/>\n<meta property=\"og:title\" content=\"Emstrong Uygulama Alanlar\u0131 - Emstrong\" \/>\n<meta property=\"og:description\" content=\"Yap\u0131m A\u015famas\u0131ndad\u0131r\" \/>\n<meta property=\"og:url\" content=\"https:\/\/emstrong.com.tr\/index.php\/ornek-sayfa\" \/>\n<meta property=\"og:site_name\" content=\"Emstrong\" \/>\n<meta property=\"article:publisher\" content=\"https:\/\/www.instagram.com\/emstrongtr\/\" \/>\n<meta property=\"article:modified_time\" content=\"2023-02-18T12:15:07+00:00\" \/>\n<meta name=\"twitter:card\" content=\"summary_large_image\" \/>\n<meta name=\"twitter:site\" content=\"@gencdiyetisyen\" \/>\n<script type=\"application\/ld+json\" class=\"yoast-schema-graph\">{\"@context\":\"https:\/\/schema.org\",\"@graph\":[{\"@type\":\"WebPage\",\"@id\":\"https:\/\/emstrong.com.tr\/index.php\/ornek-sayfa\",\"url\":\"https:\/\/emstrong.com.tr\/index.php\/ornek-sayfa\",\"name\":\"Emstrong Uygulama Alanlar\u0131 - Emstrong\",\"isPartOf\":{\"@id\":\"https:\/\/emstrong.com.tr\/#website\"},\"datePublished\":\"2023-01-21T09:32:34+00:00\",\"dateModified\":\"2023-02-18T12:15:07+00:00\",\"breadcrumb\":{\"@id\":\"https:\/\/emstrong.com.tr\/index.php\/ornek-sayfa#breadcrumb\"},\"inLanguage\":\"tr\",\"potentialAction\":[{\"@type\":\"ReadAction\",\"target\":[\"https:\/\/emstrong.com.tr\/index.php\/ornek-sayfa\"]}]},{\"@type\":\"BreadcrumbList\",\"@id\":\"https:\/\/emstrong.com.tr\/index.php\/ornek-sayfa#breadcrumb\",\"itemListElement\":[{\"@type\":\"ListItem\",\"position\":1,\"name\":\"Anasayfa\",\"item\":\"https:\/\/emstrong.com.tr\/\"},{\"@type\":\"ListItem\",\"position\":2,\"name\":\"Emstrong Uygulama Alanlar\u0131\"}]},{\"@type\":\"WebSite\",\"@id\":\"https:\/\/emstrong.com.tr\/#website\",\"url\":\"https:\/\/emstrong.com.tr\/\",\"name\":\"Emstrong\",\"description\":\"G\u00fc\u00e7 Seninle Olsun\",\"publisher\":{\"@id\":\"https:\/\/emstrong.com.tr\/#organization\"},\"alternateName\":\"EmStrong Pro4\",\"potentialAction\":[{\"@type\":\"SearchAction\",\"target\":{\"@type\":\"EntryPoint\",\"urlTemplate\":\"https:\/\/emstrong.com.tr\/?s={search_term_string}\"},\"query-input\":\"required name=search_term_string\"}],\"inLanguage\":\"tr\"},{\"@type\":\"Organization\",\"@id\":\"https:\/\/emstrong.com.tr\/#organization\",\"name\":\"Emstrong\",\"alternateName\":\"Diyetisyenstore D\u0131\u015f Tic. Ltd. \u015eti.\",\"url\":\"https:\/\/emstrong.com.tr\/\",\"logo\":{\"@type\":\"ImageObject\",\"inLanguage\":\"tr\",\"@id\":\"https:\/\/emstrong.com.tr\/#\/schema\/logo\/image\/\",\"url\":\"https:\/\/emstrong.com.tr\/wp-content\/uploads\/2023\/02\/logo-emstrong-2023.png\",\"contentUrl\":\"https:\/\/emstrong.com.tr\/wp-content\/uploads\/2023\/02\/logo-emstrong-2023.png\",\"width\":3300,\"height\":771,\"caption\":\"Emstrong\"},\"image\":{\"@id\":\"https:\/\/emstrong.com.tr\/#\/schema\/logo\/image\/\"},\"sameAs\":[\"https:\/\/www.instagram.com\/emstrongtr\/\",\"https:\/\/twitter.com\/gencdiyetisyen\",\"https:\/\/www.instagram.com\/diyetisyenstore.com1\",\"https:\/\/www.facebook.com\/diyetisyenstore\",\"https:\/\/www.instagram.com\/emstrong.com.tr\/\"]}]}<\/script>\n<!-- \/ Yoast SEO plugin. -->","yoast_head_json":{"title":"Emstrong Uygulama Alanlar\u0131 - Emstrong","robots":{"index":"index","follow":"follow","max-snippet":"max-snippet:-1","max-image-preview":"max-image-preview:large","max-video-preview":"max-video-preview:-1"},"canonical":"https:\/\/emstrong.com.tr\/index.php\/ornek-sayfa","og_locale":"tr_TR","og_type":"article","og_title":"Emstrong Uygulama Alanlar\u0131 - Emstrong","og_description":"Yap\u0131m A\u015famas\u0131ndad\u0131r","og_url":"https:\/\/emstrong.com.tr\/index.php\/ornek-sayfa","og_site_name":"Emstrong","article_publisher":"https:\/\/www.instagram.com\/emstrongtr\/","article_modified_time":"2023-02-18T12:15:07+00:00","twitter_card":"summary_large_image","twitter_site":"@gencdiyetisyen","schema":{"@context":"https:\/\/schema.org","@graph":[{"@type":"WebPage","@id":"https:\/\/emstrong.com.tr\/index.php\/ornek-sayfa","url":"https:\/\/emstrong.com.tr\/index.php\/ornek-sayfa","name":"Emstrong Uygulama Alanlar\u0131 - Emstrong","isPartOf":{"@id":"https:\/\/emstrong.com.tr\/#website"},"datePublished":"2023-01-21T09:32:34+00:00","dateModified":"2023-02-18T12:15:07+00:00","breadcrumb":{"@id":"https:\/\/emstrong.com.tr\/index.php\/ornek-sayfa#breadcrumb"},"inLanguage":"tr","potentialAction":[{"@type":"ReadAction","target":["https:\/\/emstrong.com.tr\/index.php\/ornek-sayfa"]}]},{"@type":"BreadcrumbList","@id":"https:\/\/emstrong.com.tr\/index.php\/ornek-sayfa#breadcrumb","itemListElement":[{"@type":"ListItem","position":1,"name":"Anasayfa","item":"https:\/\/emstrong.com.tr\/"},{"@type":"ListItem","position":2,"name":"Emstrong Uygulama Alanlar\u0131"}]},{"@type":"WebSite","@id":"https:\/\/emstrong.com.tr\/#website","url":"https:\/\/emstrong.com.tr\/","name":"Emstrong","description":"G\u00fc\u00e7 Seninle Olsun","publisher":{"@id":"https:\/\/emstrong.com.tr\/#organization"},"alternateName":"EmStrong Pro4","potentialAction":[{"@type":"SearchAction","target":{"@type":"EntryPoint","urlTemplate":"https:\/\/emstrong.com.tr\/?s={search_term_string}"},"query-input":"required name=search_term_string"}],"inLanguage":"tr"},{"@type":"Organization","@id":"https:\/\/emstrong.com.tr\/#organization","name":"Emstrong","alternateName":"Diyetisyenstore D\u0131\u015f Tic. Ltd. \u015eti.","url":"https:\/\/emstrong.com.tr\/","logo":{"@type":"ImageObject","inLanguage":"tr","@id":"https:\/\/emstrong.com.tr\/#\/schema\/logo\/image\/","url":"https:\/\/emstrong.com.tr\/wp-content\/uploads\/2023\/02\/logo-emstrong-2023.png","contentUrl":"https:\/\/emstrong.com.tr\/wp-content\/uploads\/2023\/02\/logo-emstrong-2023.png","width":3300,"height":771,"caption":"Emstrong"},"image":{"@id":"https:\/\/emstrong.com.tr\/#\/schema\/logo\/image\/"},"sameAs":["https:\/\/www.instagram.com\/emstrongtr\/","https:\/\/twitter.com\/gencdiyetisyen","https:\/\/www.instagram.com\/diyetisyenstore.com1","https:\/\/www.facebook.com\/diyetisyenstore","https:\/\/www.instagram.com\/emstrong.com.tr\/"]}]}},"_links":{"self":[{"href":"http:\/\/emstrong.com.tr\/index.php\/wp-json\/wp\/v2\/pages\/2","targetHints":{"allow":["GET"]}}],"collection":[{"href":"http:\/\/emstrong.com.tr\/index.php\/wp-json\/wp\/v2\/pages"}],"about":[{"href":"http:\/\/emstrong.com.tr\/index.php\/wp-json\/wp\/v2\/types\/page"}],"author":[{"embeddable":true,"href":"http:\/\/emstrong.com.tr\/index.php\/wp-json\/wp\/v2\/users\/1"}],"replies":[{"embeddable":true,"href":"http:\/\/emstrong.com.tr\/index.php\/wp-json\/wp\/v2\/comments?post=2"}],"version-history":[{"count":1,"href":"http:\/\/emstrong.com.tr\/index.php\/wp-json\/wp\/v2\/pages\/2\/revisions"}],"predecessor-version":[{"id":417,"href":"http:\/\/emstrong.com.tr\/index.php\/wp-json\/wp\/v2\/pages\/2\/revisions\/417"}],"wp:attachment":[{"href":"http:\/\/emstrong.com.tr\/index.php\/wp-json\/wp\/v2\/media?parent=2"}],"curies":[{"name":"wp","href":"https:\/\/api.w.org\/{rel}","templated":true}]}}